{"id":958,"date":"2022-04-12T14:27:25","date_gmt":"2022-04-12T13:27:25","guid":{"rendered":"http:\/\/inmoldnet.de\/?page_id=958"},"modified":"2022-04-12T14:27:25","modified_gmt":"2022-04-12T13:27:25","slug":"projekte","status":"publish","type":"page","link":"https:\/\/inmoldnet.de\/pl\/projekte\/","title":{"rendered":"PROJEKTY"},"content":{"rendered":"<h2>Inteligentne rozwi\u0105zania dla wysoko sfunkcjonalizowanych produkt\u00f3w z tworzywa sztucznego<\/h2>\n<p>Wsp\u00f3lnie tworzymy mi\u0119dzynarodow\u0105 sie\u0107 wsp\u00f3\u0142pracy w zakresie przemys\u0142u, bada\u0144, rozwoju i marketingu:<\/p>\n<h3>Neuartige, hochfunktionalisierte Hybridbauteile<\/h3>\n<p>Opracowanie zasobooszcz\u0119dnych komponent\u00f3w wytwarzanych z wykorzystaniem technologii formowania wtryskowego z zastosowaniem hybrydowych system\u00f3w materia\u0142owych oraz podwy\u017cszenie g\u0119sto\u015bci funkcjonalnej specyficznej dla danego produktu <\/p>\n<h3>Specjalne technologie formowania wtryskowego<\/h3>\n<p>Opracowanie zasobooszcz\u0119dnych technologii formowania wtryskowego do produkcji wysoko funkcjonalnych komponent\u00f3w i produkt\u00f3w opartych na hybrydowych uk\u0142adach materia\u0142owych<\/p>\n<h3>Samoucz\u0105ce si\u0119 i zintegrowane sieciowo narz\u0119dzie rozwojowe<\/h3>\n<p>Opracowanie oprogramowania wspieraj\u0105cego powi\u0105zane procesy rozwojowe oraz umo\u017cliwiaj\u0105ce obiektywne ustalanie priorytet\u00f3w dotycz\u0105cych technologii produkt\u00f3w i proces\u00f3w.<\/p>\n","protected":false},"excerpt":{"rendered":"<p>Inteligentne rozwi\u0105zania dla wysoko sfunkcjonalizowanych produkt\u00f3w z tworzywa sztucznego Wsp\u00f3lnie tworzymy mi\u0119dzynarodow\u0105 sie\u0107 wsp\u00f3\u0142pracy w zakresie przemys\u0142u, bada\u0144, rozwoju i marketingu: Neuartige, hochfunktionalisierte Hybridbauteile Opracowanie zasobooszcz\u0119dnych komponent\u00f3w wytwarzanych z wykorzystaniem technologii formowania wtryskowego z zastosowaniem hybrydowych system\u00f3w materia\u0142owych oraz podwy\u017cszenie g\u0119sto\u015bci funkcjonalnej specyficznej dla danego produktu Specjalne technologie formowania wtryskowego Opracowanie zasobooszcz\u0119dnych technologii formowania wtryskowego &hellip; <a class=\"read-on\" href=\"https:\/\/inmoldnet.de\/pl\/projekte\/\">Weiterlesen&rarr;<\/a><\/p>\n","protected":false},"author":1,"featured_media":960,"parent":0,"menu_order":11,"comment_status":"closed","ping_status":"closed","template":"","meta":{"footnotes":""},"class_list":["post-958","page","type-page","status-publish","has-post-thumbnail"],"_links":{"self":[{"href":"https:\/\/inmoldnet.de\/pl\/wp-json\/wp\/v2\/pages\/958","targetHints":{"allow":["GET"]}}],"collection":[{"href":"https:\/\/inmoldnet.de\/pl\/wp-json\/wp\/v2\/pages"}],"about":[{"href":"https:\/\/inmoldnet.de\/pl\/wp-json\/wp\/v2\/types\/page"}],"author":[{"embeddable":true,"href":"https:\/\/inmoldnet.de\/pl\/wp-json\/wp\/v2\/users\/1"}],"replies":[{"embeddable":true,"href":"https:\/\/inmoldnet.de\/pl\/wp-json\/wp\/v2\/comments?post=958"}],"version-history":[{"count":0,"href":"https:\/\/inmoldnet.de\/pl\/wp-json\/wp\/v2\/pages\/958\/revisions"}],"wp:featuredmedia":[{"embeddable":true,"href":"https:\/\/inmoldnet.de\/pl\/wp-json\/wp\/v2\/media\/960"}],"wp:attachment":[{"href":"https:\/\/inmoldnet.de\/pl\/wp-json\/wp\/v2\/media?parent=958"}],"curies":[{"name":"wp","href":"https:\/\/api.w.org\/{rel}","templated":true}]}}