{"id":1026,"date":"2022-05-23T09:14:16","date_gmt":"2022-05-23T08:14:16","guid":{"rendered":"http:\/\/inmoldnet.de\/?page_id=1026"},"modified":"2022-05-23T09:15:12","modified_gmt":"2022-05-23T08:15:12","slug":"kontakt","status":"publish","type":"page","link":"https:\/\/inmoldnet.de\/pl\/kontakt\/","title":{"rendered":"Kontakt"},"content":{"rendered":"<div class=\"wpcf7 no-js\" id=\"wpcf7-f969-o1\" lang=\"de-DE\" dir=\"ltr\">\n<div class=\"screen-reader-response\">\n<p role=\"status\" aria-live=\"polite\" aria-atomic=\"true\">\n<ul><\/ul>\n<\/div>\n<form action=\"\/pl\/wp-json\/wp\/v2\/pages\/1026#wpcf7-f969-o1\" method=\"post\" class=\"wpcf7-form init\" aria-label=\"Contact form\" novalidate=\"novalidate\" data-status=\"init\">\n<div style=\"display: none;\">\n<input type=\"hidden\" name=\"_wpcf7\" value=\"969\" \/><br \/>\n<input type=\"hidden\" name=\"_wpcf7_version\" value=\"5.9.6\" \/><br \/>\n<input type=\"hidden\" name=\"_wpcf7_locale\" value=\"de_DE\" \/><br \/>\n<input type=\"hidden\" name=\"_wpcf7_unit_tag\" value=\"wpcf7-f969-o1\" \/><br \/>\n<input type=\"hidden\" name=\"_wpcf7_container_post\" value=\"0\" \/><br \/>\n<input type=\"hidden\" name=\"_wpcf7_posted_data_hash\" value=\"\" \/>\n<\/div>\n<div class=\"cf__fields\">\n<p class=\"cf__field cf__email\"><label for=\"your-email\">Tw\u00f3j adres e-mail<\/label> <span class=\"wpcf7-form-control-wrap\" data-name=\"your-email\"><input size=\"40\" maxlength=\"80\" class=\"wpcf7-form-control wpcf7-email wpcf7-validates-as-required wpcf7-text wpcf7-validates-as-email text-input\" id=\"your-email\" aria-required=\"true\" aria-invalid=\"false\" value=\"\" type=\"email\" name=\"your-email\" \/><\/span><\/p>\n<p class=\"cf__field\"><label for=\"your-name\">Twoje imi\u0119 i nazwisko<\/label> <span class=\"wpcf7-form-control-wrap\" data-name=\"your-name\"><input size=\"40\" maxlength=\"80\" class=\"wpcf7-form-control wpcf7-text wpcf7-validates-as-required text-input\" id=\"your-name\" aria-required=\"true\" aria-invalid=\"false\" value=\"\" type=\"text\" name=\"your-name\" \/><\/span><\/p>\n<p class=\"cf__field\"><label for=\"your-tel\">Numer telefonu<small>(opcjonalnie)<\/small><\/label> <span class=\"wpcf7-form-control-wrap\" data-name=\"your-tel\"><input size=\"40\" maxlength=\"80\" class=\"wpcf7-form-control wpcf7-tel wpcf7-text wpcf7-validates-as-tel text-input\" id=\"your-tel\" aria-invalid=\"false\" value=\"\" type=\"tel\" name=\"your-tel\" \/><\/span><\/p>\n<\/div>\n<p class=\"cf__msg\"><label for=\"your-message\">Twoja wiadomo\u015b\u0107<\/label> <span class=\"wpcf7-form-control-wrap\" data-name=\"your-message\"><textarea cols=\"40\" rows=\"10\" maxlength=\"400\" class=\"wpcf7-form-control wpcf7-textarea wpcf7-validates-as-required text-input\" id=\"your-message\" aria-required=\"true\" aria-invalid=\"false\" name=\"your-message\"><\/textarea><\/span><\/p>\n<p>* Informacje podane przez u\u017cytkownika s\u0105 przechowywane w celu przetworzenia zapytania i nawi\u0105zania kontaktu.<\/p>\n<p class=\"cf__submit\"><input class=\"wpcf7-form-control wpcf7-submit has-spinner button\" type=\"submit\" value=\"Wys\u0142a\u0107\" \/><\/p>\n<div class=\"wpcf7-response-output\" aria-hidden=\"true\"><\/div>\n<\/form>\n<\/div>\n","protected":false},"excerpt":{"rendered":"<p> <a class=\"read-on\" href=\"https:\/\/inmoldnet.de\/pl\/kontakt\/\">Weiterlesen&rarr;<\/a><\/p>\n","protected":false},"author":1,"featured_media":965,"parent":0,"menu_order":13,"comment_status":"closed","ping_status":"closed","template":"page-templates\/page-kontakt.php","meta":{"footnotes":""},"class_list":["post-1026","page","type-page","status-publish","has-post-thumbnail"],"_links":{"self":[{"href":"https:\/\/inmoldnet.de\/pl\/wp-json\/wp\/v2\/pages\/1026","targetHints":{"allow":["GET"]}}],"collection":[{"href":"https:\/\/inmoldnet.de\/pl\/wp-json\/wp\/v2\/pages"}],"about":[{"href":"https:\/\/inmoldnet.de\/pl\/wp-json\/wp\/v2\/types\/page"}],"author":[{"embeddable":true,"href":"https:\/\/inmoldnet.de\/pl\/wp-json\/wp\/v2\/users\/1"}],"replies":[{"embeddable":true,"href":"https:\/\/inmoldnet.de\/pl\/wp-json\/wp\/v2\/comments?post=1026"}],"version-history":[{"count":0,"href":"https:\/\/inmoldnet.de\/pl\/wp-json\/wp\/v2\/pages\/1026\/revisions"}],"wp:featuredmedia":[{"embeddable":true,"href":"https:\/\/inmoldnet.de\/pl\/wp-json\/wp\/v2\/media\/965"}],"wp:attachment":[{"href":"https:\/\/inmoldnet.de\/pl\/wp-json\/wp\/v2\/media?parent=1026"}],"curies":[{"name":"wp","href":"https:\/\/api.w.org\/{rel}","templated":true}]}}