{"id":950,"date":"2022-04-12T14:17:55","date_gmt":"2022-04-12T13:17:55","guid":{"rendered":"http:\/\/inmoldnet.de\/?page_id=950"},"modified":"2022-08-01T11:00:16","modified_gmt":"2022-08-01T10:00:16","slug":"partner","status":"publish","type":"page","link":"http:\/\/inmoldnet.de\/pl\/partner\/","title":{"rendered":"PARTNER"},"content":{"rendered":"<h2>Mi\u0119dzynarodowe kompetencje w zakresie specjalnego formowania wtryskowego<\/h2>\n<p>Sie\u0107 IN<strong>MOLDNET<\/strong> \u0142\u0105czy know-how pi\u0119ciu polskich i 22 niemieckich partner\u00f3w badawczych i przemys\u0142owych w nast\u0119puj\u0105cych obszarach kompetencji:<\/p>\n<ul>\n<li>Projektowanie i obliczanie komponent\u00f3w<\/li>\n<li>Planowanie i symulacja procesu<\/li>\n<li>Technologia monta\u017cu i \u0142\u0105czenia<\/li>\n<li>Produkcja narz\u0119dzi i form<\/li>\n<li>In\u017cynieria zak\u0142adowa<\/li>\n<li>Technologia nap\u0119d\u00f3w i sterowania<\/li>\n<li>Wytwarzanie i produkcja<\/li>\n<li>Styki, czujniki i si\u0142owniki<\/li>\n<li>IT, Cyfrowy Bli\u017aniak, Przemys\u0142 4.0, (AI)<\/li>\n<li>Zapewnienie jako\u015bci<\/li>\n<li>Recykling, zarz\u0105dzanie zasobami<\/li>\n<\/ul>\n<p>Sie\u0107 jest koordynowana po stronie niemieckiej przez Cetex Institut gGmbH, a po stronie polskiej przez Bydgoski Klaster Przemys\u0142owy Dolina Narz\u0119dziowa.<\/p>\n<p>Aby uzyska\u0107 wi\u0119cej informacji, prosimy o kontakt z naszymi mened\u017cerami sieci!<\/p>\n","protected":false},"excerpt":{"rendered":"<p>Mi\u0119dzynarodowe kompetencje w zakresie specjalnego formowania wtryskowego Sie\u0107 INMOLDNET \u0142\u0105czy know-how pi\u0119ciu polskich i 22 niemieckich partner\u00f3w badawczych i przemys\u0142owych w nast\u0119puj\u0105cych obszarach kompetencji: Projektowanie i obliczanie komponent\u00f3w Planowanie i symulacja procesu Technologia monta\u017cu i \u0142\u0105czenia Produkcja narz\u0119dzi i form In\u017cynieria zak\u0142adowa Technologia nap\u0119d\u00f3w i sterowania Wytwarzanie i produkcja Styki, czujniki i si\u0142owniki IT, Cyfrowy &hellip; <a class=\"read-on\" href=\"http:\/\/inmoldnet.de\/pl\/partner\/\">Weiterlesen&rarr;<\/a><\/p>\n","protected":false},"author":1,"featured_media":953,"parent":0,"menu_order":4,"comment_status":"closed","ping_status":"closed","template":"page-templates\/sub-pages.php","meta":{"footnotes":""},"class_list":["post-950","page","type-page","status-publish","has-post-thumbnail"],"_links":{"self":[{"href":"http:\/\/inmoldnet.de\/pl\/wp-json\/wp\/v2\/pages\/950","targetHints":{"allow":["GET"]}}],"collection":[{"href":"http:\/\/inmoldnet.de\/pl\/wp-json\/wp\/v2\/pages"}],"about":[{"href":"http:\/\/inmoldnet.de\/pl\/wp-json\/wp\/v2\/types\/page"}],"author":[{"embeddable":true,"href":"http:\/\/inmoldnet.de\/pl\/wp-json\/wp\/v2\/users\/1"}],"replies":[{"embeddable":true,"href":"http:\/\/inmoldnet.de\/pl\/wp-json\/wp\/v2\/comments?post=950"}],"version-history":[{"count":0,"href":"http:\/\/inmoldnet.de\/pl\/wp-json\/wp\/v2\/pages\/950\/revisions"}],"wp:featuredmedia":[{"embeddable":true,"href":"http:\/\/inmoldnet.de\/pl\/wp-json\/wp\/v2\/media\/953"}],"wp:attachment":[{"href":"http:\/\/inmoldnet.de\/pl\/wp-json\/wp\/v2\/media?parent=950"}],"curies":[{"name":"wp","href":"https:\/\/api.w.org\/{rel}","templated":true}]}}