{"id":949,"date":"2022-04-12T14:15:04","date_gmt":"2022-04-12T13:15:04","guid":{"rendered":"http:\/\/inmoldnet.de\/?page_id=949"},"modified":"2022-04-12T14:15:04","modified_gmt":"2022-04-12T13:15:04","slug":"rezultaty-naszych-dzialan","status":"publish","type":"page","link":"http:\/\/inmoldnet.de\/pl\/wysokowydajny-rozwoj-i-produkcja-wysokiej-klasy-komponentow-w-technologii-wtrysku-specjalnego\/rezultaty-naszych-dzialan\/","title":{"rendered":"Rezultaty naszych dzia\u0142a\u0144"},"content":{"rendered":"<article class=\"article article_content wrapper home__content\">\n<hr class=\"article__linie__left\" \/>\n<div class=\"mceTemp\">\n<h3>Rezultaty naszych dzia\u0142a\u0144<\/h3>\n<ul>\n<li>Optymalne kombinacje materia\u0142\u00f3w<\/li>\n<li>Minimalna liczba etap\u00f3w procesu <\/li>\n<li>Kr\u00f3tkie czasy cyklu<\/li>\n<li>Ni\u017csze koszty rozwoju<\/li>\n<li>Innowacyjne w\u0142a\u015bciwo\u015bci komponent\u00f3w<\/li>\n<li>Zapewnienie miejsc pracy w Europie na potrzeby rozwoju i produkcji<\/li>\n<\/ul>\n<h3>Rynki docelowe stowarzyszenia<\/h3>\n<ul>\n<li>In\u017cynieria samochodowa <\/li>\n<li>In\u017cynieria transportu<\/li>\n<li>Energetyka<\/li>\n<li>Budowa maszyn i urz\u0105dze\u0144<\/li>\n<li>Lotnictwo<\/li>\n<\/ul>\n<h3>\u015alad ekologiczny<\/h3>\n<p>Efektywne gospodarowanie zasobami na ka\u017cdym etapie \u0142a\u0144cucha warto\u015bci produktu umo\u017cliwia produkcj\u0119 wizjonerskich i ekonomicznych komponent\u00f3w wysokiej klasy o wyj\u0105tkowych w\u0142a\u015bciwo\u015bciach ekologicznych.<\/p>\n<ul>\n<li>Uwzgl\u0119dnienie wyboru materia\u0142u ju\u017c przed rozpocz\u0119ciem procesu<\/li>\n<li>Zmniejszenie nak\u0142adu energii<\/li>\n<li>Zmniejszenie nak\u0142ad\u00f3w logistycznych<\/li>\n<\/ul>\n<ul>\n<li>Kompleksowy recykling materia\u0142\u00f3w<\/li>\n<\/ul>\n<\/div>\n<\/article>\n","protected":false},"excerpt":{"rendered":"<p>Rezultaty naszych dzia\u0142a\u0144 Optymalne kombinacje materia\u0142\u00f3w Minimalna liczba etap\u00f3w procesu Kr\u00f3tkie czasy cyklu Ni\u017csze koszty rozwoju Innowacyjne w\u0142a\u015bciwo\u015bci komponent\u00f3w Zapewnienie miejsc pracy w Europie na potrzeby rozwoju i produkcji Rynki docelowe stowarzyszenia In\u017cynieria samochodowa In\u017cynieria transportu Energetyka Budowa maszyn i urz\u0105dze\u0144 Lotnictwo \u015alad ekologiczny Efektywne gospodarowanie zasobami na ka\u017cdym etapie \u0142a\u0144cucha warto\u015bci produktu umo\u017cliwia produkcj\u0119 &hellip; <a class=\"read-on\" href=\"http:\/\/inmoldnet.de\/pl\/wysokowydajny-rozwoj-i-produkcja-wysokiej-klasy-komponentow-w-technologii-wtrysku-specjalnego\/rezultaty-naszych-dzialan\/\">Weiterlesen&rarr;<\/a><\/p>\n","protected":false},"author":1,"featured_media":0,"parent":948,"menu_order":0,"comment_status":"closed","ping_status":"closed","template":"","meta":{"footnotes":""},"class_list":["post-949","page","type-page","status-publish"],"_links":{"self":[{"href":"http:\/\/inmoldnet.de\/pl\/wp-json\/wp\/v2\/pages\/949","targetHints":{"allow":["GET"]}}],"collection":[{"href":"http:\/\/inmoldnet.de\/pl\/wp-json\/wp\/v2\/pages"}],"about":[{"href":"http:\/\/inmoldnet.de\/pl\/wp-json\/wp\/v2\/types\/page"}],"author":[{"embeddable":true,"href":"http:\/\/inmoldnet.de\/pl\/wp-json\/wp\/v2\/users\/1"}],"replies":[{"embeddable":true,"href":"http:\/\/inmoldnet.de\/pl\/wp-json\/wp\/v2\/comments?post=949"}],"version-history":[{"count":0,"href":"http:\/\/inmoldnet.de\/pl\/wp-json\/wp\/v2\/pages\/949\/revisions"}],"up":[{"embeddable":true,"href":"http:\/\/inmoldnet.de\/pl\/wp-json\/wp\/v2\/pages\/948"}],"wp:attachment":[{"href":"http:\/\/inmoldnet.de\/pl\/wp-json\/wp\/v2\/media?parent=949"}],"curies":[{"name":"wp","href":"https:\/\/api.w.org\/{rel}","templated":true}]}}