{"id":948,"date":"2022-04-12T14:11:51","date_gmt":"2022-04-12T13:11:51","guid":{"rendered":"http:\/\/inmoldnet.de\/?page_id=948"},"modified":"2022-04-12T14:11:51","modified_gmt":"2022-04-12T13:11:51","slug":"wysokowydajny-rozwoj-i-produkcja-wysokiej-klasy-komponentow-w-technologii-wtrysku-specjalnego","status":"publish","type":"page","link":"http:\/\/inmoldnet.de\/pl\/","title":{"rendered":"Wysokowydajny rozw\u00f3j i produkcja wysokiej klasy komponent\u00f3w w technologii wtrysku specjalnego"},"content":{"rendered":"<p>Wymagania stawiane komponentom i produktom wyra\u017anie rosn\u0105 &#8211; z jednej strony ze wzgl\u0119du na ograniczenia rz\u0105dowe, ekonomiczne i ekologiczne, a z drugiej strony ze wzgl\u0119du na coraz bardziej z\u0142o\u017cone wymagania konsument\u00f3w dotycz\u0105ce produkt\u00f3w. Aby specjalne elementy formowane wtryskowo mog\u0142y przetrwa\u0107 na \u015bwiatowym rynku, do ich opracowania i produkcji potrzebne s\u0105 wysoce innowacyjne procesy. Mi\u0119dzynarodowa sie\u0107 wsp\u00f3\u0142pracy \u201eZIM INMOLDNET\u201d \u0142\u0105czy polsk\u0105 i niemieck\u0105 kompetencj\u0119 bran\u017cow\u0105 w celu efektywnego opracowywania i wytwarzania komponent\u00f3w wysokiej klasy.<\/p>\n","protected":false},"excerpt":{"rendered":"<p>Wymagania stawiane komponentom i produktom wyra\u017anie rosn\u0105 &#8211; z jednej strony ze wzgl\u0119du na ograniczenia rz\u0105dowe, ekonomiczne i ekologiczne, a z drugiej strony ze wzgl\u0119du na coraz bardziej z\u0142o\u017cone wymagania konsument\u00f3w dotycz\u0105ce produkt\u00f3w. Aby specjalne elementy formowane wtryskowo mog\u0142y przetrwa\u0107 na \u015bwiatowym rynku, do ich opracowania i produkcji potrzebne s\u0105 wysoce innowacyjne procesy. Mi\u0119dzynarodowa sie\u0107 &hellip; <a class=\"read-on\" href=\"http:\/\/inmoldnet.de\/pl\/\">Weiterlesen&rarr;<\/a><\/p>\n","protected":false},"author":1,"featured_media":966,"parent":0,"menu_order":2,"comment_status":"closed","ping_status":"closed","template":"page-templates\/sub-pages.php","meta":{"footnotes":""},"class_list":["post-948","page","type-page","status-publish","has-post-thumbnail"],"_links":{"self":[{"href":"http:\/\/inmoldnet.de\/pl\/wp-json\/wp\/v2\/pages\/948","targetHints":{"allow":["GET"]}}],"collection":[{"href":"http:\/\/inmoldnet.de\/pl\/wp-json\/wp\/v2\/pages"}],"about":[{"href":"http:\/\/inmoldnet.de\/pl\/wp-json\/wp\/v2\/types\/page"}],"author":[{"embeddable":true,"href":"http:\/\/inmoldnet.de\/pl\/wp-json\/wp\/v2\/users\/1"}],"replies":[{"embeddable":true,"href":"http:\/\/inmoldnet.de\/pl\/wp-json\/wp\/v2\/comments?post=948"}],"version-history":[{"count":0,"href":"http:\/\/inmoldnet.de\/pl\/wp-json\/wp\/v2\/pages\/948\/revisions"}],"wp:featuredmedia":[{"embeddable":true,"href":"http:\/\/inmoldnet.de\/pl\/wp-json\/wp\/v2\/media\/966"}],"wp:attachment":[{"href":"http:\/\/inmoldnet.de\/pl\/wp-json\/wp\/v2\/media?parent=948"}],"curies":[{"name":"wp","href":"https:\/\/api.w.org\/{rel}","templated":true}]}}