{"id":1014,"date":"2022-04-12T15:47:00","date_gmt":"2022-04-12T14:47:00","guid":{"rendered":"http:\/\/inmoldnet.de\/?page_id=1014"},"modified":"2022-05-23T09:06:07","modified_gmt":"2022-05-23T08:06:07","slug":"impressum","status":"publish","type":"page","link":"http:\/\/inmoldnet.de\/pl\/impressum\/","title":{"rendered":"Odcisk"},"content":{"rendered":"<h2>Cetex Institut gGmbH &#8211; sie\u0107 &#8220;INMOLDNET&#8221;.<\/h2>\n<h3>Adres<\/h3>\n<p>Altchemnitzer Str. 11<br \/>\n09120 Chemnitz<br \/>\nNiemcy<\/p>\n<h3>Dyrektor<\/h3>\n<p>Dyrektor Instytutu: Univ.-Prof. Dr.-Ing. habil. Prof. h. c. Dr. h. c. Prof. Lothar Kroll<br \/>\nDyrektor zarz\u0105dzaj\u0105cy: Dipl.-Wi.-Ing. Sebastian Nendel<\/p>\n<h3>Kontakt<\/h3>\n<p><svg class=\"icon\" aria-labelledby=\"icon__title--69d02d3e17acf\" role=\"img\"><title id=\"icon__title--69d02d3e17acf\">Telefon<\/title><use xlink:href=\"http:\/\/inmoldnet.de\/wp-content\/themes\/inmoldnet\/dist\/sprite\/sprite.svg#phone\"><\/use><\/svg> +49 371 5277-0<br \/>\n<svg class=\"icon\" aria-labelledby=\"icon__title--69d02d3e17c63\" role=\"img\"><title id=\"icon__title--69d02d3e17c63\">Fax<\/title><use xlink:href=\"http:\/\/inmoldnet.de\/wp-content\/themes\/inmoldnet\/dist\/sprite\/sprite.svg#print\"><\/use><\/svg> +49 371 5277-100<br \/>\n<svg class=\"icon\" aria-labelledby=\"icon__title--69d02d3e17dd6\" role=\"img\"><title id=\"icon__title--69d02d3e17dd6\">E-Mail<\/title><use xlink:href=\"http:\/\/inmoldnet.de\/wp-content\/themes\/inmoldnet\/dist\/sprite\/sprite.svg#mail\"><\/use><\/svg> <a href=\"mailto:&#106;&#97;&#99;&#111;&#98;&#64;ce&#116;&#101;x&#46;&#100;e\">&#106;&#97;&#99;&#111;&#98;&#64;ce&#116;&#101;x&#46;&#100;e<\/a><\/p>\n<h3>Rejestr handlowy<\/h3>\n<p>HRB 1182<br \/>\nS\u0105d rejonowy Chemnitz<\/p>\n<h3>Numer identyfikacyjny podatku od sprzeda\u017cy<\/h3>\n<p>DE 140 807 052<\/p>\n<h2>Projektowanie, grafika, programowanie:<\/h2>\n<p><a href=\"http:\/\/punkt191.de\">Pozycja 191 Marketing i projektowanie<\/a><\/p>\n","protected":false},"excerpt":{"rendered":"<p>Cetex Institut gGmbH &#8211; sie\u0107 &#8220;INMOLDNET&#8221;. Adres Altchemnitzer Str. 11 09120 Chemnitz Niemcy Dyrektor Dyrektor Instytutu: Univ.-Prof. Dr.-Ing. habil. Prof. h. c. Dr. h. c. Prof. Lothar Kroll Dyrektor zarz\u0105dzaj\u0105cy: Dipl.-Wi.-Ing. Sebastian Nendel Kontakt +49 371 5277-0 +49 371 5277-100 Rejestr handlowy HRB 1182 S\u0105d rejonowy Chemnitz Numer identyfikacyjny podatku od sprzeda\u017cy DE 140 807 &hellip; <a class=\"read-on\" href=\"http:\/\/inmoldnet.de\/pl\/impressum\/\">Weiterlesen&rarr;<\/a><\/p>\n","protected":false},"author":1,"featured_media":0,"parent":0,"menu_order":8,"comment_status":"closed","ping_status":"closed","template":"","meta":{"footnotes":""},"class_list":["post-1014","page","type-page","status-publish"],"_links":{"self":[{"href":"http:\/\/inmoldnet.de\/pl\/wp-json\/wp\/v2\/pages\/1014","targetHints":{"allow":["GET"]}}],"collection":[{"href":"http:\/\/inmoldnet.de\/pl\/wp-json\/wp\/v2\/pages"}],"about":[{"href":"http:\/\/inmoldnet.de\/pl\/wp-json\/wp\/v2\/types\/page"}],"author":[{"embeddable":true,"href":"http:\/\/inmoldnet.de\/pl\/wp-json\/wp\/v2\/users\/1"}],"replies":[{"embeddable":true,"href":"http:\/\/inmoldnet.de\/pl\/wp-json\/wp\/v2\/comments?post=1014"}],"version-history":[{"count":0,"href":"http:\/\/inmoldnet.de\/pl\/wp-json\/wp\/v2\/pages\/1014\/revisions"}],"wp:attachment":[{"href":"http:\/\/inmoldnet.de\/pl\/wp-json\/wp\/v2\/media?parent=1014"}],"curies":[{"name":"wp","href":"https:\/\/api.w.org\/{rel}","templated":true}]}}